{"id":171,"date":"2017-03-06T10:33:42","date_gmt":"2017-03-06T10:33:42","guid":{"rendered":"http:\/\/wcc.patrick-lange.de\/?page_id=171"},"modified":"2023-10-28T17:20:59","modified_gmt":"2023-10-28T17:20:59","slug":"geschichte","status":"publish","type":"page","link":"https:\/\/www.wccsdl.de\/?page_id=171","title":{"rendered":"Geschichte"},"content":{"rendered":"<p>Wahrburg, ein Dorf, das 2019 680 Jahre alt wurde, ist seit den 50-er Jahren ein Ortsteil von Stendal.<\/p>\n<p>Die Geschichte des Wahrburger Carneval Club e.V. begann damit, dass Erich Hunger (\u2020 Ehrenpr\u00e4sident) ein Fass zur Verf\u00fcgung stellte und Gerd Gorny eine B\u00fctt baute, fertig war die 1. B\u00fctt \u2013 gehalten von Erich Hunger. Daraus entwickelte sich nach und nach ein gr\u00f6\u00dferes Programm, das heute ca. 2 \u00bd Stunden umfasst. Heute treten beim WCC u.a. die Tanzm\u00e4use, das Junioren-Showballett, das 1. Gro\u00dfe Stendaler Showballett Gr\u00fcn\/Wei\u00df, die 1. Gro\u00dfe Stendaler Tanzgarde Gr\u00fcn-Wei\u00df, Solisten (darunter diverse Landesmeister) und nat\u00fcrlich auch das M\u00e4nnerballett (mehrfacher Altmarkmeister) auf. Feste Gr\u00f6\u00dfen im Programm sind auch die Gesangsformation \u201eUchte-Lerchen\u201c, Sketche (u.a. Anton &amp; Grete &#8211; Stendaler Originale) und B\u00fcttenreden. Bis 1993 fanden die Veranstaltungen in Wahrburg in \u201eWillis Ballhaus\u201c und bis 2001 im \u201eBibersaal\u201c in Stendal statt. Ab 2002 befand sich die Prunkst\u00e4tte im Freizeit Tennis Center T&amp;B im S\u00fcdosten der Stadt.<\/p>\n<p>Im Nov. 2005 \u00f6ffnete wieder der \u201eSchwarze Adler\u201c und somit konnten wir seit der Session 2005\/2006 Karneval im dortigen Festsaal feiern. Seitdem finden jedes Jahr 2 Gro\u00dfe Gala-Prunksitzungen und ein Kinderkarneval statt.<\/p>\n<p>H\u00f6hepunkte des Vereins waren u.a. der Auftritt der Musterbeamten \u201eBaumann &amp; Clausen\u201c &#8211; bekannt durch Radio SAW &#8211; in einer Sitzung 1998; die Teilnahme beim 1. Empfang des Ministerpr\u00e4sidenten Sachsen-Anhalts Dr. Reiner H\u00f6ppner 2000 in Dessau; die Mitwirkung bei verschiedenen Sendungen von Radio Brocken, MDR-Radio Sachsen-Anhalt, Radio SAW und MDR-Fernsehen; die gemeinsam mit dem SCV ausgerichtete Jahreshauptversammlung 2000 in Stendal mit einer von 16 Vereinen aus der Altmark gestalteten Altmark Gala am Abend; die Wahl des damaligen Vorsitzenden und seit 2011 Pr\u00e4sidenten des WCC, im November 2003 in das Pr\u00e4sidium des Karneval Landesverbands Sachsen-Anhalt (KLV), dem er auch heute noch angeh\u00f6rt und vieles andere mehr.<\/p>\n<p>2001 startete der WCC auch ins World Wide Web unter der Adresse www.wccsdl.de. Ausgehend von der Altmark \u2013 Gala 2000 lud der Wahrburger Carneval Club e.V. 2001 zum ersten regionalen Treffen der Karnevalsvereine aus den Landkreisen Salzwedel und Stendal in den Ratskeller Stendal ein. Hier wurde etwas begonnen, was Tradition geworden ist, n\u00e4mlich ein j\u00e4hrliches Treffen der Vereine um Erfahrungen auszutauschen, Termine abzustimmen, Meinungen zu Themen des Landesverbands zu finden u.v.a.m. Ansonsten trafen sich die Karnevalsvereine der Altmark\/Elbe-Havel-Winkel noch zum \u201eSudansetzen\u201c und zur \u201eZwickel Probe\u201c f\u00fcr das \u201eAltm\u00e4rker Narrenbr\u00e4u\u201c das von der Garley Spezialit\u00e4ten Brauerei GmbH Gardelegen gebraut und angeboten wurde.<\/p>\n<p>Seit 2003 fahren wir jedes Jahr zum gro\u00dfen Rosenmontagsumzug nach KUKAK\u00f6then. Hierauf freuen wir uns immer sehr, treffen wir doch dort alte und neue Freunde aus Sachsen-Anhalt und dar\u00fcber hinaus.<\/p>\n<p>Seit 2007 sind wir auch auf der Turnierb\u00fchne des karnevalistischen Tanzsportes dabei. Mittlerweile sind verschiedene Akteure auf \u00fcber 150 Turnieren bundesweit gestartet und haben unseren Ortsteil, unsere Hansestadt Stendal, unseren Landkreis Stendal und unser Bundesland Sachsen-Anhalt w\u00fcrdig vertreten bzw. repr\u00e4sentiert. So ertanzten wir uns 6 Landes- , 5 Vize-Meistertitel und 8 Mal den 3.Platz.<br \/>\n2009 richteten wir das \u201eJ\u00fcrgen von der Heydt-Turnier\u201c- die 11. Landesmeisterschaften im karnevalistischen Tanzsport an 2 Tagen in der \u201eB\u00fcrgerpark-Halle\u201c aus. Das war ein organisatorisch sehr aufwendiges und gro\u00dfes Ereignis, an dem ca. 500 T\u00e4nzerinnen und T\u00e4nzer um die Landesmeistertitel getanzt haben.<\/p>\n<p>Im Jahr 2011 erg\u00e4nzten wir unsere Satzung und wurden auch ein Tanzsportverein.<\/p>\n<p>2013 richteten wir zum ersten Mal die Landesmeisterschaft der M\u00e4nnerballette Sachsen-Anhalts aus. Mit der damals 7. LM gab es eine Neuerung. Zum ersten Mal wurde diese Veranstaltung am Abend durchgef\u00fchrt. Es war ein Experiment und Risiko f\u00fcr uns. Dies stellte sich als voller Erfolg raus und so durften wir zu weiteren LMs 2014 bis 2018 einladen. 2019 hat\u00a0 sie zum (vorerst) letzten Mal bei uns im \u201eSchwarzen Adler\u201c Stendal stattgefunden.<\/p>\n<p>2018 haben wir in Eigenregie unseren Vereinsraum komplett saniert. Hier waren 22 Mitglieder an 33 Tagen ehrenamtlich dabei um u.a. den Fu\u00dfboden rauszurei\u00dfen, einen neuen einzubauen, die W\u00e4nde teilweise neu zu verputzen, zu malern &amp; zu tapezieren, die neuen M\u00f6bel aufzubauen und den Raum wieder einzurichten! Die Elektro arbeiten hat Elektromeister Lutz Tippmann f\u00fcr uns erledigt.<\/p>\n<p>Ein weiterer H\u00f6hepunkt war das \u201eAngrillen mit Radio SAW\u201c im Ortsteil Wahrburg. Dies brachte neben einer Zuwendung auch Sachsen-Anhalt-Weit Werbung f\u00fcr unseren Verein und den Stadtteil.<\/p>\n<p>Dar\u00fcber hinaus haben wir im Jahr 2019 eine Satzungsneufassung, eine Wahlordnung und eine Finanz- und Gesch\u00e4ftsordnung erstellt.<\/p>\n<p>Als einer der aktivsten Vereine im KLV Sachsen-Anhalt freuten wir uns seit Jahren \u00fcber die Einladungen zum Empfang des Ministerpr\u00e4sidenten in die Staatskanzlei Magdeburg.<\/p>\n<p>Der n\u00e4chste H\u00f6hepunkt war der 8.M\u00e4rz 2020. Hier waren wir Ausrichter der 22. Landesmeisterschaft im karnevalistischen Tanzsport, dem \u201eJ\u00fcrgen von der Heydt-Turnier\u201c. Das war das letzte Turnier in Deutschland<\/p>\n<p>Die 42.\u00a0 und die 43. Session wurde ein Opfer der Covid-19 Pandemie. Im Jahr 2022 w\u00e4ren wir in die 43. Session gegangen. Jetzt freuen wir uns auf unsere 45. Session und die Sitzung am 27. Januar2024 . Motto der 45. Session<\/p>\n<h2>45 Jahre Auf &amp; Ab, der WCC h\u00e4lt Euch auf Trab!<\/h2>\n<p>Darauf ein dreifach kr\u00e4ftiges, W\u00e4nde zerschmetterndes, Ohren bet\u00e4ubendes&#8230;<br \/>\nWahrburg \u2013 Helau.<\/p>\n","protected":false},"excerpt":{"rendered":"<p>Wahrburg, ein Dorf, das 2019 680 Jahre alt wurde, ist seit den 50-er Jahren ein Ortsteil von Stendal. Die Geschichte des Wahrburger Carneval Club e.V. begann damit, dass Erich Hunger (\u2020 Ehrenpr\u00e4sident) ein Fass zur Verf\u00fcgung stellte und Gerd Gorny eine B\u00fctt baute, fertig war die 1. B\u00fctt \u2013 gehalten von Erich Hunger. Daraus entwickelte [&hellip;]<\/p>\n","protected":false},"author":1,"featured_media":0,"parent":0,"menu_order":0,"comment_status":"closed","ping_status":"closed","template":"","meta":{"ngg_post_thumbnail":0,"footnotes":""},"class_list":["post-171","page","type-page","status-publish","hentry"],"_links":{"self":[{"href":"https:\/\/www.wccsdl.de\/index.php?rest_route=\/wp\/v2\/pages\/171","targetHints":{"allow":["GET"]}}],"collection":[{"href":"https:\/\/www.wccsdl.de\/index.php?rest_route=\/wp\/v2\/pages"}],"about":[{"href":"https:\/\/www.wccsdl.de\/index.php?rest_route=\/wp\/v2\/types\/page"}],"author":[{"embeddable":true,"href":"https:\/\/www.wccsdl.de\/index.php?rest_route=\/wp\/v2\/users\/1"}],"replies":[{"embeddable":true,"href":"https:\/\/www.wccsdl.de\/index.php?rest_route=%2Fwp%2Fv2%2Fcomments&post=171"}],"version-history":[{"count":6,"href":"https:\/\/www.wccsdl.de\/index.php?rest_route=\/wp\/v2\/pages\/171\/revisions"}],"predecessor-version":[{"id":859,"href":"https:\/\/www.wccsdl.de\/index.php?rest_route=\/wp\/v2\/pages\/171\/revisions\/859"}],"wp:attachment":[{"href":"https:\/\/www.wccsdl.de\/index.php?rest_route=%2Fwp%2Fv2%2Fmedia&parent=171"}],"curies":[{"name":"wp","href":"https:\/\/api.w.org\/{rel}","templated":true}]}}